

{"id":305,"date":"2022-04-25T07:48:27","date_gmt":"2022-04-25T07:48:27","guid":{"rendered":"http:\/\/dharmaengineering.efsolit.com\/?page_id=305"},"modified":"2025-06-02T10:30:20","modified_gmt":"2025-06-02T10:30:20","slug":"zw3d","status":"publish","type":"page","link":"https:\/\/www.dharma-engineering.it\/dharmaengineering\/zw3d\/","title":{"rendered":"ZW3D Cad Cam"},"content":{"rendered":"<p>[vc_row css_animation=&#8221;&#8221; row_type=&#8221;row&#8221; use_row_as_full_screen_section=&#8221;no&#8221; type=&#8221;grid&#8221; angled_section=&#8221;no&#8221; text_align=&#8221;center&#8221; background_image_as_pattern=&#8221;without_pattern&#8221; padding_top=&#8221;80&#8243; css=&#8221;.vc_custom_1650874091779{background-color: #ffffff !important;background-position: center !important;background-repeat: no-repeat !important;background-size: cover !important;}&#8221; z_index=&#8221;&#8221;][vc_column width=&#8221;2\/3&#8243;][vc_single_image image=&#8221;308&#8243; img_size=&#8221;full&#8221; qode_css_animation=&#8221;&#8221;][vc_column_text]<\/p>\n<p style=\"text-align: left;\"><span class=\"xr_tl\"><span class=\"xr_s42\">ZW3D Standard offre straordinarie funzionalit\u00e0 avanzate per la progettazione, \u00e8 possibile:<\/span><\/span><\/p>\n<ul>\n<li style=\"text-align: left;\"><span class=\"xr_tl\"><span class=\"xr_s42\">Ridurre i tempi di progettazione grazie all&#8217;integrazione solidi\/superfici <\/span><\/span><\/li>\n<li style=\"text-align: left;\"><span class=\"xr_tl xr_s44\"><span class=\"xr_s42\">Creare particolari di forma complessa usando il morphing parametrico e le superfici avanzate in <\/span><\/span><span class=\"xr_tl\"><span class=\"xr_s42\">classe A<\/span><\/span><\/li>\n<li style=\"text-align: left;\"><span class=\"xr_s42\">Eliminare le tradizionali barriere nella progettazione con potenti strumenti di wireframe e <\/span><span class=\"xr_tl\"><span class=\"xr_s42\">superfici.<\/span><\/span><\/li>\n<li style=\"text-align: left;\">Progettare rapidamente particolari in lamiera ed eseguiner immediatamente la messa in tavola<\/li>\n<li style=\"text-align: left;\">Riparare velocemente modelli importati<\/li>\n<li style=\"text-align: left;\">Importare i punti delle scansioni e trasformarle in superfici<\/li>\n<\/ul>\n<p>[\/vc_column_text][vc_row_inner row_type=&#8221;row&#8221; type=&#8221;full_width&#8221; text_align=&#8221;left&#8221; css_animation=&#8221;&#8221; padding_top=&#8221;40&#8243;][vc_column_inner width=&#8221;1\/2&#8243;]<a  itemprop=\"url\" href=\"https:\/\/form.jotform.com\/20095426249\" target=\"_blank\" data-hover-background-color=#fab012  class=\"qbutton  default\" style=\"\">Download<\/a>[vc_empty_space height=&#8221;20px&#8221;][\/vc_column_inner][vc_column_inner width=&#8221;1\/2&#8243;]<a  itemprop=\"url\" href=\"https:\/\/www.dharma-engineering.it\/dharmaengineering\/zw3d_standard\" target=\"_self\" data-hover-background-color=#fab012  class=\"qbutton  default\" style=\"\">Dettagli<\/a>[\/vc_column_inner][\/vc_row_inner][\/vc_column][vc_column width=&#8221;1\/3&#8243;][vc_single_image image=&#8221;309&#8243; img_size=&#8221;full&#8221; qode_css_animation=&#8221;&#8221;][\/vc_column][\/vc_row][vc_row css_animation=&#8221;&#8221; row_type=&#8221;row&#8221; use_row_as_full_screen_section=&#8221;no&#8221; type=&#8221;grid&#8221; angled_section=&#8221;no&#8221; text_align=&#8221;center&#8221; background_image_as_pattern=&#8221;without_pattern&#8221; padding_top=&#8221;80&#8243; padding_bottom=&#8221;0&#8243; css=&#8221;.vc_custom_1650874126040{background-color: #ffffff !important;background-position: center !important;background-repeat: no-repeat !important;background-size: cover !important;}&#8221; z_index=&#8221;&#8221;][vc_column width=&#8221;2\/3&#8243;][vc_single_image image=&#8221;314&#8243; img_size=&#8221;full&#8221; qode_css_animation=&#8221;&#8221;][vc_column_text]<\/p>\n<p style=\"text-align: left;\"><span class=\"xr_tl\">ZW3D Professional comprende tutte le funzionalit\u00e0 di ZW3D Standard pi\u00f9 un set completo di <\/span><span class=\"xr_tl xr_s46\"><span class=\"xr_s45\">strumenti per gli stampisti e per il reverse engineering. <\/span><\/span><\/p>\n<p style=\"text-align: left;\"><span class=\"xr_tl\">Basato sul kernel ibrido ZW3D OverdriveTM che lavora indistintamente su solidi e su superfici, <\/span><span class=\"xr_tl xr_s46\"><span class=\"xr_s45\">include potenti funzioni dedicate ai progettisti di stampi. <\/span><\/span><\/p>\n<ul>\n<li style=\"text-align: left;\"><span class=\"xr_tl xr_s46\"><span class=\"xr_s45\">Creazione automatica e\/o manuale delle curve di chiusura<\/span><\/span><\/li>\n<li style=\"text-align: left;\">Analisi di sformi e curvatura in tempo reale<\/li>\n<li style=\"text-align: left;\">Modifica diretta di facce e fetures sia su solido che su modelli aperti<\/li>\n<li style=\"text-align: left;\">Creazione automatica e\/o manuale delle superfici di chiusura<\/li>\n<li style=\"text-align: left;\">Creazione di carrelli ed inserti<\/li>\n<li style=\"text-align: left;\">Canali di raffreddamento<\/li>\n<li style=\"text-align: left;\">Librerie di porta-stampi standard<\/li>\n<\/ul>\n<p>[\/vc_column_text][vc_row_inner row_type=&#8221;row&#8221; type=&#8221;full_width&#8221; text_align=&#8221;left&#8221; css_animation=&#8221;&#8221; padding_top=&#8221;40&#8243;][vc_column_inner width=&#8221;1\/2&#8243;]<a  itemprop=\"url\" href=\"https:\/\/form.jotform.com\/20095426249\" target=\"_blank\" data-hover-background-color=#fab012  class=\"qbutton  default\" style=\"\">Download<\/a>[vc_empty_space height=&#8221;20px&#8221;][\/vc_column_inner][vc_column_inner width=&#8221;1\/2&#8243;]<a  itemprop=\"url\" href=\"https:\/\/www.dharma-engineering.it\/dharmaengineering\/zw3d_professional\/\" target=\"_self\" data-hover-background-color=#fab012  class=\"qbutton  default\" style=\"\">Dettagli<\/a>[\/vc_column_inner][\/vc_row_inner][\/vc_column][vc_column width=&#8221;1\/3&#8243;][vc_single_image image=&#8221;315&#8243; img_size=&#8221;full&#8221; qode_css_animation=&#8221;&#8221;][\/vc_column][\/vc_row][vc_row css_animation=&#8221;&#8221; row_type=&#8221;row&#8221; use_row_as_full_screen_section=&#8221;no&#8221; type=&#8221;grid&#8221; angled_section=&#8221;no&#8221; text_align=&#8221;center&#8221; background_image_as_pattern=&#8221;without_pattern&#8221; padding_top=&#8221;80&#8243; padding_bottom=&#8221;0&#8243; css=&#8221;.vc_custom_1650874603890{background-color: #ffffff !important;background-position: center !important;background-repeat: no-repeat !important;background-size: cover !important;}&#8221; z_index=&#8221;&#8221;][vc_column width=&#8221;2\/3&#8243;][vc_single_image image=&#8221;316&#8243; img_size=&#8221;full&#8221; qode_css_animation=&#8221;&#8221;][vc_column_text]<\/p>\n<p style=\"text-align: left;\"><span class=\"xr_tl\"><span class=\"xr_s42\">ZW3D Premium comprende tutti i moduli di progettazione e costruzione per coloro che necessitano di una soluzione senza compromessi.<\/span><\/span><span class=\"xr_tl\"><span class=\"xr_s42\">Questa configurazione comprende:<\/span><\/span><\/p>\n<ul>\n<li style=\"text-align: left;\"><span class=\"xr_tl\"><span class=\"xr_s42\">Advanced modeling<\/span><\/span><\/li>\n<li style=\"text-align: left;\">Assiemi e animazione<\/li>\n<li style=\"text-align: left;\">Reverse engineering e nuvole di punti<\/li>\n<li style=\"text-align: left;\"><span class=\"xr_s42\">Progettazione lamiera <\/span><span class=\"xr_tl\"><span class=\"xr_s43\">\u00b7<\/span><\/span><span class=\"xr_tl\"><span class=\"xr_s42\">Messa in tavola<\/span><\/span><\/li>\n<li style=\"text-align: left;\">Correzioni geometrie e riparazione modelli<\/li>\n<li style=\"text-align: left;\">Tutti gli strumenti per realizzare stampi<\/li>\n<li style=\"text-align: left;\">Rendering e visualizzazione in tempo reale<\/li>\n<li style=\"text-align: left;\">Supporto per tutti i formati di importazione ed esportazione<\/li>\n<li style=\"text-align: left;\">Cicli di fresatura automatica<\/li>\n<li style=\"text-align: left;\">Cicli di foratura automatici<\/li>\n<li style=\"text-align: left;\">Tutti i moduli di fresatura a 2 e 3 assi inclusi QuickMill HSM, verifica percorso e post processor.<\/li>\n<\/ul>\n<p>[\/vc_column_text][vc_row_inner row_type=&#8221;row&#8221; type=&#8221;full_width&#8221; text_align=&#8221;left&#8221; css_animation=&#8221;&#8221; padding_top=&#8221;40&#8243;][vc_column_inner width=&#8221;1\/2&#8243;]<a  itemprop=\"url\" href=\"https:\/\/form.jotform.com\/20095426249\" target=\"_blank\" data-hover-background-color=#fab012  class=\"qbutton  default\" style=\"\">Download<\/a>[vc_empty_space height=&#8221;20px&#8221;][\/vc_column_inner][vc_column_inner width=&#8221;1\/2&#8243;]<a  itemprop=\"url\" href=\"https:\/\/www.dharma-engineering.it\/dharmaengineering\/zw3d_premium\" target=\"_self\" data-hover-background-color=#fab012  class=\"qbutton  default\" style=\"\">Dettagli<\/a>[\/vc_column_inner][\/vc_row_inner][\/vc_column][vc_column width=&#8221;1\/3&#8243;][vc_single_image image=&#8221;317&#8243; img_size=&#8221;full&#8221; qode_css_animation=&#8221;&#8221;][\/vc_column][\/vc_row][vc_row css_animation=&#8221;&#8221; row_type=&#8221;row&#8221; use_row_as_full_screen_section=&#8221;no&#8221; type=&#8221;grid&#8221; angled_section=&#8221;no&#8221; text_align=&#8221;center&#8221; background_image_as_pattern=&#8221;without_pattern&#8221; padding_top=&#8221;80&#8243; padding_bottom=&#8221;0&#8243; css=&#8221;.vc_custom_1650874611624{background-color: #ffffff !important;background-position: center !important;background-repeat: no-repeat !important;background-size: cover !important;}&#8221; z_index=&#8221;&#8221;][vc_column width=&#8221;2\/3&#8243;][vc_single_image image=&#8221;321&#8243; img_size=&#8221;full&#8221; qode_css_animation=&#8221;&#8221;][vc_column_text]<\/p>\n<p style=\"text-align: left;\"><span class=\"xr_tl\"><span class=\"xr_s42\">ZW3D Premium comprende tutti i moduli di progettazione e costruzione per coloro che necessitano di una soluzione senza compromessi.<\/span><\/span><span class=\"xr_tl\"><span class=\"xr_s42\">Questa configurazione comprende:<\/span><\/span><\/p>\n<ul>\n<li style=\"text-align: left;\"><span class=\"xr_tl\"><span class=\"xr_s42\">Advanced modeling<\/span><\/span><\/li>\n<li style=\"text-align: left;\">Assiemi e animazione<\/li>\n<li style=\"text-align: left;\">Reverse engineering e nuvole di punti<\/li>\n<li style=\"text-align: left;\"><span class=\"xr_s42\">Progettazione lamiera <\/span><span class=\"xr_tl\"><span class=\"xr_s43\">\u00b7<\/span><\/span><span class=\"xr_tl\"><span class=\"xr_s42\">Messa in tavola<\/span><\/span><\/li>\n<li style=\"text-align: left;\">Correzioni geometrie e riparazione modelli<\/li>\n<li style=\"text-align: left;\">Tutti gli strumenti per realizzare stampi<\/li>\n<li style=\"text-align: left;\">Rendering e visualizzazione in tempo reale<\/li>\n<li style=\"text-align: left;\">Supporto per tutti i formati di importazione ed esportazione<\/li>\n<li style=\"text-align: left;\">Cicli di fresatura automatica<\/li>\n<li style=\"text-align: left;\">Cicli di foratura automatici<\/li>\n<li style=\"text-align: left;\">Tutti i moduli di fresatura a 2 e 3 assi inclusi QuickMill HSM, verifica percorso e post processor.<\/li>\n<\/ul>\n<p>[\/vc_column_text][vc_row_inner row_type=&#8221;row&#8221; type=&#8221;full_width&#8221; text_align=&#8221;left&#8221; css_animation=&#8221;&#8221; padding_top=&#8221;40&#8243;][vc_column_inner width=&#8221;1\/2&#8243;]<a  itemprop=\"url\" href=\"https:\/\/form.jotform.com\/20095426249\" target=\"_blank\" data-hover-background-color=#fab012  class=\"qbutton  default\" style=\"\">Download<\/a>[vc_empty_space height=&#8221;20px&#8221;][\/vc_column_inner][vc_column_inner width=&#8221;1\/2&#8243;]<a  itemprop=\"url\" href=\"https:\/\/www.dharma-engineering.it\/dharmaengineering\/zw3d_2xmachining\" target=\"_self\" data-hover-background-color=#fab012  class=\"qbutton  default\" style=\"\">Dettagli<\/a>[\/vc_column_inner][\/vc_row_inner][\/vc_column][vc_column width=&#8221;1\/3&#8243;][vc_single_image image=&#8221;322&#8243; img_size=&#8221;full&#8221; qode_css_animation=&#8221;&#8221;][\/vc_column][\/vc_row][vc_row css_animation=&#8221;&#8221; row_type=&#8221;row&#8221; use_row_as_full_screen_section=&#8221;no&#8221; type=&#8221;grid&#8221; angled_section=&#8221;no&#8221; text_align=&#8221;center&#8221; background_image_as_pattern=&#8221;without_pattern&#8221; padding_top=&#8221;80&#8243; padding_bottom=&#8221;0&#8243; css=&#8221;.vc_custom_1650874618473{background-color: #ffffff !important;background-position: center !important;background-repeat: no-repeat !important;background-size: cover !important;}&#8221; z_index=&#8221;&#8221;][vc_column width=&#8221;2\/3&#8243;][vc_single_image image=&#8221;324&#8243; img_size=&#8221;full&#8221; qode_css_animation=&#8221;&#8221;][vc_column_text]<\/p>\n<p style=\"text-align: left;\"><span class=\"xr_tl\">La configurazione di ZW3D per chi necessita di fresare superfici complesse e utilizza macchine CNC ad alta velocit\u00e0. Per gli utenti che devono <\/span><span class=\"xr_tl\">realizzare stampi e modelli in tempi brevi e senza nessun compromesso. Tutta la tecnologia e la potenza della fresatura ad alta velocit\u00e0 unite alla <\/span><span class=\"xr_tl\">semplicit\u00e0 di utilizzo.Offre all&#8217;utente una semplicit\u00e0 d&#8217;uso ed una velocit\u00e0 nella preparazione dei percorsi utensile senza precedenti<\/span><span class=\"xr_tl xr_s41\"><span class=\"xr_s42\">Questa configurazione comprende:<\/span><\/span><\/p>\n<ul>\n<li style=\"text-align: left;\"><span class=\"xr_tl xr_s41\"><span class=\"xr_s42\">Modellazione 3D di base<\/span><\/span><\/li>\n<li style=\"text-align: left;\">Messa in tavola<\/li>\n<li style=\"text-align: left;\">Correzioni geometrie e riparazione modelli<\/li>\n<li style=\"text-align: left;\">Supporto per tutti i formati di importazione ed esportazione<\/li>\n<li style=\"text-align: left;\"><span class=\"xr_s42\">Cicli di fresatura automatica <\/span><span class=\"xr_tl xr_s44\"><span class=\"xr_s43\">\u00b7<\/span><\/span><span class=\"xr_tl xr_s44\"><span class=\"xr_s42\">Cicli di foratura automatici<\/span><\/span><\/li>\n<li style=\"text-align: left;\">Tutti i moduli di fresatura a 2 e 3 assi inclusi QuickMill HSM<\/li>\n<li style=\"text-align: left;\">Verifica percorso e post processor<\/li>\n<li style=\"text-align: left;\">Show-n-tell il manuale virtuale in 3D<\/li>\n<\/ul>\n<p>[\/vc_column_text][vc_row_inner row_type=&#8221;row&#8221; type=&#8221;full_width&#8221; text_align=&#8221;left&#8221; css_animation=&#8221;&#8221; padding_top=&#8221;40&#8243; padding_bottom=&#8221;80&#8243;][vc_column_inner width=&#8221;1\/2&#8243;]<a  itemprop=\"url\" href=\"https:\/\/form.jotform.com\/20095426249\" target=\"_blank\" data-hover-background-color=#fab012  class=\"qbutton  default\" style=\"\">Download<\/a>[vc_empty_space height=&#8221;20px&#8221;][\/vc_column_inner][vc_column_inner width=&#8221;1\/2&#8243;]<a  itemprop=\"url\" href=\"https:\/\/www.dharma-engineering.it\/dharmaengineering\/zw3d_3xmachining\" target=\"_self\" data-hover-background-color=#fab012  class=\"qbutton  default\" style=\"\">Dettagli<\/a>[\/vc_column_inner][\/vc_row_inner][\/vc_column][vc_column width=&#8221;1\/3&#8243;][vc_single_image image=&#8221;325&#8243; img_size=&#8221;full&#8221; qode_css_animation=&#8221;&#8221;][\/vc_column][\/vc_row]<\/p>\n","protected":false},"excerpt":{"rendered":"<p>[vc_row css_animation=&#8221;&#8221; row_type=&#8221;row&#8221; use_row_as_full_screen_section=&#8221;no&#8221; type=&#8221;grid&#8221; angled_section=&#8221;no&#8221; text_align=&#8221;center&#8221; background_image_as_pattern=&#8221;without_pattern&#8221; padding_top=&#8221;80&#8243; css=&#8221;.vc_custom_1650874091779{background-color: #ffffff !important;background-position: center !important;background-repeat: no-repeat !important;background-size: cover !important;}&#8221; z_index=&#8221;&#8221;][vc_column width=&#8221;2\/3&#8243;][vc_single_image image=&#8221;308&#8243; img_size=&#8221;full&#8221; qode_css_animation=&#8221;&#8221;][vc_column_text] ZW3D Standard offre straordinarie funzionalit\u00e0 avanzate per la progettazione, \u00e8 possibile: Ridurre i tempi di progettazione grazie all&#8217;integrazione solidi\/superfici Creare particolari di&#8230;<\/p>\n","protected":false},"author":1,"featured_media":0,"parent":0,"menu_order":0,"comment_status":"closed","ping_status":"closed","template":"full_width.php","meta":{"om_disable_all_campaigns":false,"_glsr_average":0,"_glsr_ranking":0,"_glsr_reviews":0,"_monsterinsights_skip_tracking":false,"_monsterinsights_sitenote_active":false,"_monsterinsights_sitenote_note":"","_monsterinsights_sitenote_category":0},"_links":{"self":[{"href":"https:\/\/www.dharma-engineering.it\/dharmaengineering\/wp-json\/wp\/v2\/pages\/305"}],"collection":[{"href":"https:\/\/www.dharma-engineering.it\/dharmaengineering\/wp-json\/wp\/v2\/pages"}],"about":[{"href":"https:\/\/www.dharma-engineering.it\/dharmaengineering\/wp-json\/wp\/v2\/types\/page"}],"author":[{"embeddable":true,"href":"https:\/\/www.dharma-engineering.it\/dharmaengineering\/wp-json\/wp\/v2\/users\/1"}],"replies":[{"embeddable":true,"href":"https:\/\/www.dharma-engineering.it\/dharmaengineering\/wp-json\/wp\/v2\/comments?post=305"}],"version-history":[{"count":25,"href":"https:\/\/www.dharma-engineering.it\/dharmaengineering\/wp-json\/wp\/v2\/pages\/305\/revisions"}],"predecessor-version":[{"id":930,"href":"https:\/\/www.dharma-engineering.it\/dharmaengineering\/wp-json\/wp\/v2\/pages\/305\/revisions\/930"}],"wp:attachment":[{"href":"https:\/\/www.dharma-engineering.it\/dharmaengineering\/wp-json\/wp\/v2\/media?parent=305"}],"curies":[{"name":"wp","href":"https:\/\/api.w.org\/{rel}","templated":true}]}}